{"id":10,"date":"2024-10-23T19:37:05","date_gmt":"2024-10-23T17:37:05","guid":{"rendered":"https:\/\/majovky.sk\/monoden\/?page_id=10"},"modified":"2025-09-29T11:37:14","modified_gmt":"2025-09-29T09:37:14","slug":"uvod","status":"publish","type":"page","link":"https:\/\/majovky.sk\/monoden\/","title":{"rendered":"\u00davod"},"content":{"rendered":"\t\t<div data-elementor-type=\"wp-page\" data-elementor-id=\"10\" class=\"elementor elementor-10\" data-elementor-post-type=\"page\">\n\t\t\t\t<div class=\"elementor-element elementor-element-755941de e-flex e-con-boxed e-con e-parent\" data-id=\"755941de\" data-element_type=\"container\" data-settings=\"{&quot;background_background&quot;:&quot;classic&quot;}\">\n\t\t\t\t\t<div class=\"e-con-inner\">\n\t\t\t\t<div class=\"elementor-element elementor-element-345c76b4 animated-slow elementor-absolute elementor-invisible elementor-widget elementor-widget-image\" data-id=\"345c76b4\" data-element_type=\"widget\" data-settings=\"{&quot;_animation&quot;:&quot;fadeInLeft&quot;,&quot;_position&quot;:&quot;absolute&quot;}\" data-widget_type=\"image.default\">\n\t\t\t\t<div class=\"elementor-widget-container\">\n\t\t\t\t\t\t\t\t\t\t\t\t\t\t\t<img decoding=\"async\" src=\"https:\/\/majovky.sk\/monoden\/wp-content\/uploads\/2024\/10\/sks_logo.png\" title=\"\" alt=\"\" loading=\"lazy\" \/>\t\t\t\t\t\t\t\t\t\t\t\t\t\t\t<\/div>\n\t\t\t\t<\/div>\n\t\t<div class=\"elementor-element elementor-element-79432cdd e-con-full e-flex e-con e-child\" data-id=\"79432cdd\" data-element_type=\"container\">\n\t\t<div class=\"elementor-element elementor-element-2881ba75 e-flex e-con-boxed e-con e-child\" data-id=\"2881ba75\" data-element_type=\"container\">\n\t\t\t\t\t<div class=\"e-con-inner\">\n\t\t\t\t<div class=\"elementor-element elementor-element-4a62fc53 animated-slow elementor-invisible elementor-widget elementor-widget-image\" data-id=\"4a62fc53\" data-element_type=\"widget\" data-settings=\"{&quot;_animation&quot;:&quot;fadeInDown&quot;}\" data-widget_type=\"image.default\">\n\t\t\t\t<div class=\"elementor-widget-container\">\n\t\t\t\t\t\t\t\t\t\t\t\t\t\t\t<img fetchpriority=\"high\" decoding=\"async\" width=\"800\" height=\"455\" src=\"https:\/\/majovky.sk\/monoden\/wp-content\/uploads\/2025\/09\/monoden2025_sitelogo-1024x583.png\" class=\"attachment-large size-large wp-image-184\" alt=\"\" srcset=\"https:\/\/majovky.sk\/monoden\/wp-content\/uploads\/2025\/09\/monoden2025_sitelogo-1024x583.png 1024w, https:\/\/majovky.sk\/monoden\/wp-content\/uploads\/2025\/09\/monoden2025_sitelogo-300x171.png 300w, https:\/\/majovky.sk\/monoden\/wp-content\/uploads\/2025\/09\/monoden2025_sitelogo-768x438.png 768w, https:\/\/majovky.sk\/monoden\/wp-content\/uploads\/2025\/09\/monoden2025_sitelogo.png 1053w\" sizes=\"(max-width: 800px) 100vw, 800px\" \/>\t\t\t\t\t\t\t\t\t\t\t\t\t\t\t<\/div>\n\t\t\t\t<\/div>\n\t\t<div class=\"elementor-element elementor-element-4233de7c e-flex e-con-boxed e-con e-child\" data-id=\"4233de7c\" data-element_type=\"container\">\n\t\t\t\t\t<div class=\"e-con-inner\">\n\t\t\t\t<div class=\"elementor-element elementor-element-560bc41d animated-slow elementor-invisible elementor-widget elementor-widget-image\" data-id=\"560bc41d\" data-element_type=\"widget\" data-settings=\"{&quot;_animation&quot;:&quot;fadeInLeft&quot;,&quot;_animation_delay&quot;:300}\" data-widget_type=\"image.default\">\n\t\t\t\t<div class=\"elementor-widget-container\">\n\t\t\t\t\t\t\t\t\t\t\t\t\t\t\t<img decoding=\"async\" width=\"300\" height=\"132\" src=\"https:\/\/majovky.sk\/monoden\/wp-content\/uploads\/2024\/10\/shs_logo_blue-300x132.png\" class=\"attachment-medium size-medium wp-image-73\" alt=\"\" srcset=\"https:\/\/majovky.sk\/monoden\/wp-content\/uploads\/2024\/10\/shs_logo_blue-300x132.png 300w, https:\/\/majovky.sk\/monoden\/wp-content\/uploads\/2024\/10\/shs_logo_blue.png 717w\" sizes=\"(max-width: 300px) 100vw, 300px\" \/>\t\t\t\t\t\t\t\t\t\t\t\t\t\t\t<\/div>\n\t\t\t\t<\/div>\n\t\t\t\t\t<\/div>\n\t\t\t\t<\/div>\n\t\t\t\t<div class=\"elementor-element elementor-element-44ecc9db animated-slow elementor-widget-divider--view-line elementor-invisible elementor-widget elementor-widget-divider\" data-id=\"44ecc9db\" data-element_type=\"widget\" data-settings=\"{&quot;_animation&quot;:&quot;zoomIn&quot;,&quot;_animation_delay&quot;:900}\" data-widget_type=\"divider.default\">\n\t\t\t\t<div class=\"elementor-widget-container\">\n\t\t\t\t\t\t\t<div class=\"elementor-divider\">\n\t\t\t<span class=\"elementor-divider-separator\">\n\t\t\t\t\t\t<\/span>\n\t\t<\/div>\n\t\t\t\t\t\t<\/div>\n\t\t\t\t<\/div>\n\t\t\t\t<div class=\"elementor-element elementor-element-48a5446c animated-slow elementor-invisible elementor-widget elementor-widget-heading\" data-id=\"48a5446c\" data-element_type=\"widget\" data-settings=\"{&quot;_animation&quot;:&quot;fadeInUp&quot;,&quot;_animation_delay&quot;:1200}\" data-widget_type=\"heading.default\">\n\t\t\t\t<div class=\"elementor-widget-container\">\n\t\t\t\t\t<h3 class=\"elementor-heading-title elementor-size-default\">4. december 2025<\/h3>\t\t\t\t<\/div>\n\t\t\t\t<\/div>\n\t\t\t\t<div class=\"elementor-element elementor-element-5e7df0a animated-slow elementor-invisible elementor-widget elementor-widget-heading\" data-id=\"5e7df0a\" data-element_type=\"widget\" data-settings=\"{&quot;_animation&quot;:&quot;fadeInUp&quot;,&quot;_animation_delay&quot;:1500}\" data-widget_type=\"heading.default\">\n\t\t\t\t<div class=\"elementor-widget-container\">\n\t\t\t\t\t<h3 class=\"elementor-heading-title elementor-size-default\">AC Hotel by Marriott, Bratislava Old Town<\/h3>\t\t\t\t<\/div>\n\t\t\t\t<\/div>\n\t\t\t\t\t<\/div>\n\t\t\t\t<\/div>\n\t\t\t\t<\/div>\n\t\t\t\t\t<\/div>\n\t\t\t\t<\/div>\n\t\t<div class=\"elementor-element elementor-element-8d09ba9 e-flex e-con-boxed e-con e-parent\" data-id=\"8d09ba9\" data-element_type=\"container\">\n\t\t\t\t\t<div class=\"e-con-inner\">\n\t\t\t\t<div class=\"elementor-element elementor-element-328bbe9 elementor-widget-divider--view-line_text elementor-widget-divider--element-align-center elementor-widget elementor-widget-divider\" data-id=\"328bbe9\" data-element_type=\"widget\" data-widget_type=\"divider.default\">\n\t\t\t\t<div class=\"elementor-widget-container\">\n\t\t\t\t\t\t\t<div class=\"elementor-divider\">\n\t\t\t<span class=\"elementor-divider-separator\">\n\t\t\t\t\t\t\t<span class=\"elementor-divider__text elementor-divider__element\">\n\t\t\t\tHlavn\u00e1 t\u00e9ma\t\t\t\t<\/span>\n\t\t\t\t\t\t<\/span>\n\t\t<\/div>\n\t\t\t\t\t\t<\/div>\n\t\t\t\t<\/div>\n\t\t\t\t<div class=\"elementor-element elementor-element-0ceed88 elementor-widget elementor-widget-heading\" data-id=\"0ceed88\" data-element_type=\"widget\" data-widget_type=\"heading.default\">\n\t\t\t\t<div class=\"elementor-widget-container\">\n\t\t\t\t\t<h2 class=\"elementor-heading-title elementor-size-default\">Cholestatick\u00e9\nchoroby pe\u010dene<\/h2>\t\t\t\t<\/div>\n\t\t\t\t<\/div>\n\t\t\t\t<div class=\"elementor-element elementor-element-263a6ce elementor-widget elementor-widget-text-editor\" data-id=\"263a6ce\" data-element_type=\"widget\" data-widget_type=\"text-editor.default\">\n\t\t\t\t<div class=\"elementor-widget-container\">\n\t\t\t\t\t\t\t\t\t<p style=\"text-align: center;\"><strong>Garant podujatia: doc. MUDr. Miroslav \u017digrai, PhD.<\/strong><\/p><p style=\"text-align: center;\">Podujatie je organizovan\u00e9 Slovenskou hepatologickou spolo\u010dnos\u0165ou o.z. SLS<\/p>\t\t\t\t\t\t\t\t<\/div>\n\t\t\t\t<\/div>\n\t\t\t\t<div class=\"elementor-element elementor-element-b0483fb elementor-widget elementor-widget-button\" data-id=\"b0483fb\" data-element_type=\"widget\" data-widget_type=\"button.default\">\n\t\t\t\t<div class=\"elementor-widget-container\">\n\t\t\t\t\t\t\t\t\t<div class=\"elementor-button-wrapper\">\n\t\t\t\t\t<a class=\"elementor-button elementor-button-link elementor-size-sm\" href=\"https:\/\/majovky.sk\/monoden\/wp-content\/uploads\/2025\/09\/SHS_25_monoday-BA_save-the-date_A5_v1-1.pdf\" target=\"_blank\">\n\t\t\t\t\t\t<span class=\"elementor-button-content-wrapper\">\n\t\t\t\t\t\t<span class=\"elementor-button-icon\">\n\t\t\t\t<svg aria-hidden=\"true\" class=\"e-font-icon-svg e-fas-cloud-download-alt\" viewBox=\"0 0 640 512\" xmlns=\"http:\/\/www.w3.org\/2000\/svg\"><path d=\"M537.6 226.6c4.1-10.7 6.4-22.4 6.4-34.6 0-53-43-96-96-96-19.7 0-38.1 6-53.3 16.2C367 64.2 315.3 32 256 32c-88.4 0-160 71.6-160 160 0 2.7.1 5.4.2 8.1C40.2 219.8 0 273.2 0 336c0 79.5 64.5 144 144 144h368c70.7 0 128-57.3 128-128 0-61.9-44-113.6-102.4-125.4zm-132.9 88.7L299.3 420.7c-6.2 6.2-16.4 6.2-22.6 0L171.3 315.3c-10.1-10.1-2.9-27.3 11.3-27.3H248V176c0-8.8 7.2-16 16-16h48c8.8 0 16 7.2 16 16v112h65.4c14.2 0 21.4 17.2 11.3 27.3z\"><\/path><\/svg>\t\t\t<\/span>\n\t\t\t\t\t\t\t\t\t<span class=\"elementor-button-text\">Stiahnu\u0165 pozv\u00e1nku<\/span>\n\t\t\t\t\t<\/span>\n\t\t\t\t\t<\/a>\n\t\t\t\t<\/div>\n\t\t\t\t\t\t\t\t<\/div>\n\t\t\t\t<\/div>\n\t\t\t\t\t<\/div>\n\t\t\t\t<\/div>\n\t\t\t\t<\/div>\n\t\t","protected":false},"excerpt":{"rendered":"<p>4. december 2025 AC Hotel by Marriott, Bratislava Old Town Hlavn\u00e1 t\u00e9ma Cholestatick\u00e9 choroby pe\u010dene Garant podujatia: doc. MUDr. Miroslav \u017digrai, PhD. Podujatie je organizovan\u00e9 Slovenskou hepatologickou spolo\u010dnos\u0165ou o.z. SLS Stiahnu\u0165 pozv\u00e1nku<\/p>\n","protected":false},"author":1,"featured_media":0,"parent":0,"menu_order":0,"comment_status":"closed","ping_status":"closed","template":"","meta":{"footnotes":""},"class_list":["post-10","page","type-page","status-publish","hentry"],"_links":{"self":[{"href":"https:\/\/majovky.sk\/monoden\/wp-json\/wp\/v2\/pages\/10","targetHints":{"allow":["GET"]}}],"collection":[{"href":"https:\/\/majovky.sk\/monoden\/wp-json\/wp\/v2\/pages"}],"about":[{"href":"https:\/\/majovky.sk\/monoden\/wp-json\/wp\/v2\/types\/page"}],"author":[{"embeddable":true,"href":"https:\/\/majovky.sk\/monoden\/wp-json\/wp\/v2\/users\/1"}],"replies":[{"embeddable":true,"href":"https:\/\/majovky.sk\/monoden\/wp-json\/wp\/v2\/comments?post=10"}],"version-history":[{"count":31,"href":"https:\/\/majovky.sk\/monoden\/wp-json\/wp\/v2\/pages\/10\/revisions"}],"predecessor-version":[{"id":242,"href":"https:\/\/majovky.sk\/monoden\/wp-json\/wp\/v2\/pages\/10\/revisions\/242"}],"wp:attachment":[{"href":"https:\/\/majovky.sk\/monoden\/wp-json\/wp\/v2\/media?parent=10"}],"curies":[{"name":"wp","href":"https:\/\/api.w.org\/{rel}","templated":true}]}}