{"id":14,"date":"2024-10-23T19:37:20","date_gmt":"2024-10-23T17:37:20","guid":{"rendered":"https:\/\/majovky.sk\/monoden\/?page_id=14"},"modified":"2025-11-04T11:38:39","modified_gmt":"2025-11-04T10:38:39","slug":"partneri","status":"publish","type":"page","link":"https:\/\/majovky.sk\/monoden\/partneri\/","title":{"rendered":"Partneri"},"content":{"rendered":"\t\t<div data-elementor-type=\"wp-page\" data-elementor-id=\"14\" class=\"elementor elementor-14\" data-elementor-post-type=\"page\">\n\t\t\t\t<div class=\"elementor-element elementor-element-bd6fc1a e-flex e-con-boxed e-con e-parent\" data-id=\"bd6fc1a\" data-element_type=\"container\" data-settings=\"{&quot;background_background&quot;:&quot;classic&quot;}\">\n\t\t\t\t\t<div class=\"e-con-inner\">\n\t\t\t\t\t<\/div>\n\t\t\t\t<\/div>\n\t\t<div class=\"elementor-element elementor-element-38f3d32 elementor-hidden-desktop elementor-hidden-tablet elementor-hidden-mobile e-flex e-con-boxed e-con e-parent\" data-id=\"38f3d32\" data-element_type=\"container\">\n\t\t\t\t\t<div class=\"e-con-inner\">\n\t\t\t\t<div class=\"elementor-element elementor-element-7d40045 animated-slow elementor-invisible elementor-widget elementor-widget-heading\" data-id=\"7d40045\" data-element_type=\"widget\" data-settings=\"{&quot;_animation&quot;:&quot;fadeInDown&quot;}\" data-widget_type=\"heading.default\">\n\t\t\t\t<div class=\"elementor-widget-container\">\n\t\t\t\t\t<h2 class=\"elementor-heading-title elementor-size-default\">Zoznam partnerov pripravujeme.<\/h2>\t\t\t\t<\/div>\n\t\t\t\t<\/div>\n\t\t\t\t\t<\/div>\n\t\t\t\t<\/div>\n\t\t<div class=\"elementor-element elementor-element-e8660d9 e-flex e-con-boxed e-con e-parent\" data-id=\"e8660d9\" data-element_type=\"container\">\n\t\t\t\t\t<div class=\"e-con-inner\">\n\t\t\t\t<div class=\"elementor-element elementor-element-13b20c3 elementor-widget elementor-widget-heading\" data-id=\"13b20c3\" data-element_type=\"widget\" data-widget_type=\"heading.default\">\n\t\t\t\t<div class=\"elementor-widget-container\">\n\t\t\t\t\t<h2 class=\"elementor-heading-title elementor-size-default\">Exkluz\u00edvny partner SHS pre rok 2025<\/h2>\t\t\t\t<\/div>\n\t\t\t\t<\/div>\n\t\t<div class=\"elementor-element elementor-element-76259b7 e-con-full e-flex e-con e-child\" data-id=\"76259b7\" data-element_type=\"container\">\n\t\t\t\t<div class=\"elementor-element elementor-element-83e6e98 animated-slow elementor-invisible elementor-widget elementor-widget-image\" data-id=\"83e6e98\" data-element_type=\"widget\" data-settings=\"{&quot;_animation&quot;:&quot;zoomIn&quot;}\" data-widget_type=\"image.default\">\n\t\t\t\t<div class=\"elementor-widget-container\">\n\t\t\t\t\t\t\t\t\t\t\t\t\t\t\t<img decoding=\"async\" src=\"https:\/\/majovky.sk\/monoden\/wp-content\/uploads\/elementor\/thumbs\/promed-cs-1200x600-1-qwbpd47jlogknlo7ovqmt4ysey2d7e1qyuyojg7av8.png\" title=\"promed-cs-1200&#215;600\" alt=\"promed-cs-1200x600\" loading=\"lazy\" \/>\t\t\t\t\t\t\t\t\t\t\t\t\t\t\t<\/div>\n\t\t\t\t<\/div>\n\t\t\t\t<\/div>\n\t\t\t\t\t<\/div>\n\t\t\t\t<\/div>\n\t\t<div class=\"elementor-element elementor-element-3a6f548 e-flex e-con-boxed e-con e-parent\" data-id=\"3a6f548\" data-element_type=\"container\">\n\t\t\t\t\t<div class=\"e-con-inner\">\n\t\t\t\t<div class=\"elementor-element elementor-element-fbab378 elementor-widget elementor-widget-heading\" data-id=\"fbab378\" data-element_type=\"widget\" data-widget_type=\"heading.default\">\n\t\t\t\t<div class=\"elementor-widget-container\">\n\t\t\t\t\t<h2 class=\"elementor-heading-title elementor-size-default\">Strieborn\u00ed partneri<\/h2>\t\t\t\t<\/div>\n\t\t\t\t<\/div>\n\t\t<div class=\"elementor-element elementor-element-0df1e58 e-con-full e-flex e-con e-child\" data-id=\"0df1e58\" data-element_type=\"container\">\n\t\t\t\t<div class=\"elementor-element elementor-element-00dfed2 animated-slow elementor-invisible elementor-widget elementor-widget-image\" data-id=\"00dfed2\" data-element_type=\"widget\" data-settings=\"{&quot;_animation&quot;:&quot;zoomIn&quot;}\" data-widget_type=\"image.default\">\n\t\t\t\t<div class=\"elementor-widget-container\">\n\t\t\t\t\t\t\t\t\t\t\t\t\t\t\t<img decoding=\"async\" src=\"https:\/\/majovky.sk\/monoden\/wp-content\/uploads\/elementor\/thumbs\/abbvie-1200x600-1-qx89etwmxlp6su4pyiaheq8gdgux9wxi41n2gz7ljk.png\" title=\"abbvie-1200&#215;600\" alt=\"abbvie-1200x600\" loading=\"lazy\" \/>\t\t\t\t\t\t\t\t\t\t\t\t\t\t\t<\/div>\n\t\t\t\t<\/div>\n\t\t\t\t<div class=\"elementor-element elementor-element-e62abc8 animated-slow elementor-invisible elementor-widget elementor-widget-image\" data-id=\"e62abc8\" data-element_type=\"widget\" data-settings=\"{&quot;_animation&quot;:&quot;zoomIn&quot;}\" data-widget_type=\"image.default\">\n\t\t\t\t<div class=\"elementor-widget-container\">\n\t\t\t\t\t\t\t\t\t\t\t\t\t\t\t<img decoding=\"async\" src=\"https:\/\/majovky.sk\/monoden\/wp-content\/uploads\/elementor\/thumbs\/gilead-1200x600-1-qwm1wie0qmvg4o21howrschm0n90g645wse5vx1knk.png\" title=\"gilead-1200&#215;600\" alt=\"gilead-1200x600\" loading=\"lazy\" \/>\t\t\t\t\t\t\t\t\t\t\t\t\t\t\t<\/div>\n\t\t\t\t<\/div>\n\t\t\t\t<\/div>\n\t\t<div class=\"elementor-element elementor-element-12b4b00 e-con-full e-flex e-con e-child\" data-id=\"12b4b00\" data-element_type=\"container\">\n\t\t\t\t<div class=\"elementor-element elementor-element-d8f3366 animated-slow elementor-invisible elementor-widget elementor-widget-image\" data-id=\"d8f3366\" data-element_type=\"widget\" data-settings=\"{&quot;_animation&quot;:&quot;zoomIn&quot;}\" data-widget_type=\"image.default\">\n\t\t\t\t<div class=\"elementor-widget-container\">\n\t\t\t\t\t\t\t\t\t\t\t\t\t\t\t<img decoding=\"async\" src=\"https:\/\/majovky.sk\/monoden\/wp-content\/uploads\/elementor\/thumbs\/opella-1200x600-1-qwbpd39o6znf6kw4rj5ano6z62fkltphcf7uxqafo0.png\" title=\"opella-1200&#215;600\" alt=\"opella-1200x600\" loading=\"lazy\" \/>\t\t\t\t\t\t\t\t\t\t\t\t\t\t\t<\/div>\n\t\t\t\t<\/div>\n\t\t\t\t<div class=\"elementor-element elementor-element-921f37d animated-slow elementor-invisible elementor-widget elementor-widget-image\" data-id=\"921f37d\" data-element_type=\"widget\" data-settings=\"{&quot;_animation&quot;:&quot;zoomIn&quot;}\" data-widget_type=\"image.default\">\n\t\t\t\t<div class=\"elementor-widget-container\">\n\t\t\t\t\t\t\t\t\t\t\t\t\t\t\t<img decoding=\"async\" src=\"https:\/\/majovky.sk\/monoden\/wp-content\/uploads\/elementor\/thumbs\/ipsen-1200x600-1-re7g10k260x9zn4t92s4u0q9pjfz9uxry9akpb9n0w.png\" title=\"ipsen-1200&#215;600\" alt=\"ipsen-1200x600\" loading=\"lazy\" \/>\t\t\t\t\t\t\t\t\t\t\t\t\t\t\t<\/div>\n\t\t\t\t<\/div>\n\t\t\t\t<\/div>\n\t\t\t\t\t<\/div>\n\t\t\t\t<\/div>\n\t\t<div class=\"elementor-element elementor-element-97efb1f e-flex e-con-boxed e-con e-parent\" data-id=\"97efb1f\" data-element_type=\"container\">\n\t\t\t\t\t<div class=\"e-con-inner\">\n\t\t\t\t<div class=\"elementor-element elementor-element-4be381d elementor-widget elementor-widget-heading\" data-id=\"4be381d\" data-element_type=\"widget\" data-widget_type=\"heading.default\">\n\t\t\t\t<div class=\"elementor-widget-container\">\n\t\t\t\t\t<h2 class=\"elementor-heading-title elementor-size-default\">Vystavovatelia<\/h2>\t\t\t\t<\/div>\n\t\t\t\t<\/div>\n\t\t<div class=\"elementor-element elementor-element-d0290e7 e-con-full e-flex e-con e-child\" data-id=\"d0290e7\" data-element_type=\"container\">\n\t\t\t\t<div class=\"elementor-element elementor-element-7a7acfc animated-slow elementor-invisible elementor-widget elementor-widget-image\" data-id=\"7a7acfc\" data-element_type=\"widget\" data-settings=\"{&quot;_animation&quot;:&quot;zoomIn&quot;}\" data-widget_type=\"image.default\">\n\t\t\t\t<div class=\"elementor-widget-container\">\n\t\t\t\t\t\t\t\t\t\t\t\t\t\t\t<img decoding=\"async\" src=\"https:\/\/majovky.sk\/monoden\/wp-content\/uploads\/elementor\/thumbs\/alfasigma-1200x600-1-qwbp9a18h6fk3ifh0vtrjmtoft7ze0ko5jyyvbxwwg.png\" title=\"alfasigma-1200&#215;600\" alt=\"alfasigma-1200x600\" loading=\"lazy\" \/>\t\t\t\t\t\t\t\t\t\t\t\t\t\t\t<\/div>\n\t\t\t\t<\/div>\n\t\t\t\t<div class=\"elementor-element elementor-element-2ba5696 animated-slow elementor-invisible elementor-widget elementor-widget-image\" data-id=\"2ba5696\" data-element_type=\"widget\" data-settings=\"{&quot;_animation&quot;:&quot;zoomIn&quot;}\" data-widget_type=\"image.default\">\n\t\t\t\t<div class=\"elementor-widget-container\">\n\t\t\t\t\t\t\t\t\t\t\t\t\t\t\t<img decoding=\"async\" src=\"https:\/\/majovky.sk\/monoden\/wp-content\/uploads\/elementor\/thumbs\/ewopharma-1200x600-1-qwm4jg3708u0qu5n4q89me1lxnblvn06yofmu0a47k.png\" title=\"ewopharma-1200&#215;600\" alt=\"ewopharma-1200x600\" loading=\"lazy\" \/>\t\t\t\t\t\t\t\t\t\t\t\t\t\t\t<\/div>\n\t\t\t\t<\/div>\n\t\t\t\t<\/div>\n\t\t\t\t\t<\/div>\n\t\t\t\t<\/div>\n\t\t<div class=\"elementor-element elementor-element-70e7a6d e-flex e-con-boxed e-con e-parent\" data-id=\"70e7a6d\" data-element_type=\"container\">\n\t\t\t\t\t<div class=\"e-con-inner\">\n\t\t\t\t<div class=\"elementor-element elementor-element-53ee4f0 elementor-widget elementor-widget-heading\" data-id=\"53ee4f0\" data-element_type=\"widget\" data-widget_type=\"heading.default\">\n\t\t\t\t<div class=\"elementor-widget-container\">\n\t\t\t\t\t<h2 class=\"elementor-heading-title elementor-size-default\">IN\u00dd DRUH PARTNERSTVA<\/h2>\t\t\t\t<\/div>\n\t\t\t\t<\/div>\n\t\t<div class=\"elementor-element elementor-element-706ffbe e-con-full e-flex e-con e-child\" data-id=\"706ffbe\" data-element_type=\"container\">\n\t\t\t\t<div class=\"elementor-element elementor-element-1e8e932 animated-slow elementor-invisible elementor-widget elementor-widget-image\" data-id=\"1e8e932\" data-element_type=\"widget\" data-settings=\"{&quot;_animation&quot;:&quot;zoomIn&quot;}\" data-widget_type=\"image.default\">\n\t\t\t\t<div class=\"elementor-widget-container\">\n\t\t\t\t\t\t\t\t\t\t\t\t\t\t\t<img decoding=\"async\" src=\"https:\/\/majovky.sk\/monoden\/wp-content\/uploads\/elementor\/thumbs\/worwag-1200x600-1-qwbpd636rhra5es1b2d6d5hcy81o8x0oct6bdk695c.png\" title=\"worwag-1200&#215;600\" alt=\"worwag-1200x600\" loading=\"lazy\" \/>\t\t\t\t\t\t\t\t\t\t\t\t\t\t\t<\/div>\n\t\t\t\t<\/div>\n\t\t\t\t<\/div>\n\t\t\t\t\t<\/div>\n\t\t\t\t<\/div>\n\t\t\t\t<\/div>\n\t\t","protected":false},"excerpt":{"rendered":"<p>Zoznam partnerov pripravujeme. Exkluz\u00edvny partner SHS pre rok 2025 Strieborn\u00ed partneri Vystavovatelia IN\u00dd DRUH PARTNERSTVA<\/p>\n","protected":false},"author":1,"featured_media":0,"parent":0,"menu_order":0,"comment_status":"closed","ping_status":"closed","template":"","meta":{"footnotes":""},"class_list":["post-14","page","type-page","status-publish","hentry"],"_links":{"self":[{"href":"https:\/\/majovky.sk\/monoden\/wp-json\/wp\/v2\/pages\/14","targetHints":{"allow":["GET"]}}],"collection":[{"href":"https:\/\/majovky.sk\/monoden\/wp-json\/wp\/v2\/pages"}],"about":[{"href":"https:\/\/majovky.sk\/monoden\/wp-json\/wp\/v2\/types\/page"}],"author":[{"embeddable":true,"href":"https:\/\/majovky.sk\/monoden\/wp-json\/wp\/v2\/users\/1"}],"replies":[{"embeddable":true,"href":"https:\/\/majovky.sk\/monoden\/wp-json\/wp\/v2\/comments?post=14"}],"version-history":[{"count":31,"href":"https:\/\/majovky.sk\/monoden\/wp-json\/wp\/v2\/pages\/14\/revisions"}],"predecessor-version":[{"id":269,"href":"https:\/\/majovky.sk\/monoden\/wp-json\/wp\/v2\/pages\/14\/revisions\/269"}],"wp:attachment":[{"href":"https:\/\/majovky.sk\/monoden\/wp-json\/wp\/v2\/media?parent=14"}],"curies":[{"name":"wp","href":"https:\/\/api.w.org\/{rel}","templated":true}]}}