{"id":16,"date":"2024-10-23T19:37:29","date_gmt":"2024-10-23T17:37:29","guid":{"rendered":"https:\/\/majovky.sk\/monoden\/?page_id=16"},"modified":"2025-09-25T08:55:36","modified_gmt":"2025-09-25T06:55:36","slug":"kontakt","status":"publish","type":"page","link":"https:\/\/majovky.sk\/monoden\/kontakt\/","title":{"rendered":"Kontakt"},"content":{"rendered":"\t\t<div data-elementor-type=\"wp-page\" data-elementor-id=\"16\" class=\"elementor elementor-16\" data-elementor-post-type=\"page\">\n\t\t\t\t<div class=\"elementor-element elementor-element-7478421 e-flex e-con-boxed e-con e-parent\" data-id=\"7478421\" data-element_type=\"container\" data-settings=\"{&quot;background_background&quot;:&quot;classic&quot;}\">\n\t\t\t\t\t<div class=\"e-con-inner\">\n\t\t\t\t\t<\/div>\n\t\t\t\t<\/div>\n\t\t<div class=\"elementor-element elementor-element-120cc567 e-flex e-con-boxed e-con e-parent\" data-id=\"120cc567\" data-element_type=\"container\">\n\t\t\t\t\t<div class=\"e-con-inner\">\n\t\t<div class=\"elementor-element elementor-element-36adfc82 e-con-full e-flex e-con e-child\" data-id=\"36adfc82\" data-element_type=\"container\">\n\t\t\t\t<div class=\"elementor-element elementor-element-369dc66d elementor-widget-divider--view-line_text elementor-widget-divider--element-align-center elementor-widget elementor-widget-divider\" data-id=\"369dc66d\" data-element_type=\"widget\" data-widget_type=\"divider.default\">\n\t\t\t\t<div class=\"elementor-widget-container\">\n\t\t\t\t\t\t\t<div class=\"elementor-divider\">\n\t\t\t<span class=\"elementor-divider-separator\">\n\t\t\t\t\t\t\t<span class=\"elementor-divider__text elementor-divider__element\">\n\t\t\t\tKontaktn\u00e1 osoba\t\t\t\t<\/span>\n\t\t\t\t\t\t<\/span>\n\t\t<\/div>\n\t\t\t\t\t\t<\/div>\n\t\t\t\t<\/div>\n\t\t\t\t<div class=\"elementor-element elementor-element-655dc752 elementor-widget elementor-widget-image-box\" data-id=\"655dc752\" data-element_type=\"widget\" data-widget_type=\"image-box.default\">\n\t\t\t\t<div class=\"elementor-widget-container\">\n\t\t\t\t\t<div class=\"elementor-image-box-wrapper\"><div class=\"elementor-image-box-content\"><h3 class=\"elementor-image-box-title\">Zuzana Solmo\u0161iov\u00e1<\/h3><p class=\"elementor-image-box-description\">Project manager<br><br>\n<b>+421 903 454 294<br>\nzuzana.solmosiova@tajpan.com<\/b><\/p><\/div><\/div>\t\t\t\t<\/div>\n\t\t\t\t<\/div>\n\t\t\t\t<div class=\"elementor-element elementor-element-6e8da576 elementor-widget-divider--view-line_text elementor-widget-divider--element-align-center elementor-widget elementor-widget-divider\" data-id=\"6e8da576\" data-element_type=\"widget\" data-widget_type=\"divider.default\">\n\t\t\t\t<div class=\"elementor-widget-container\">\n\t\t\t\t\t\t\t<div class=\"elementor-divider\">\n\t\t\t<span class=\"elementor-divider-separator\">\n\t\t\t\t\t\t\t<span class=\"elementor-divider__text elementor-divider__element\">\n\t\t\t\tOrganiza\u010dn\u00e9 zabezpe\u010denie\t\t\t\t<\/span>\n\t\t\t\t\t\t<\/span>\n\t\t<\/div>\n\t\t\t\t\t\t<\/div>\n\t\t\t\t<\/div>\n\t\t\t\t<div class=\"elementor-element elementor-element-28bd1179 elementor-position-top elementor-widget elementor-widget-image-box\" data-id=\"28bd1179\" data-element_type=\"widget\" data-widget_type=\"image-box.default\">\n\t\t\t\t<div class=\"elementor-widget-container\">\n\t\t\t\t\t<div class=\"elementor-image-box-wrapper\"><figure class=\"elementor-image-box-img\"><img decoding=\"async\" width=\"150\" height=\"75\" src=\"https:\/\/majovky.sk\/monoden\/wp-content\/uploads\/2024\/10\/tajpan.png\" class=\"attachment-full size-full wp-image-107\" alt=\"\" \/><\/figure><div class=\"elementor-image-box-content\"><h3 class=\"elementor-image-box-title\">TAJPAN s.r.o.<\/h3><p class=\"elementor-image-box-description\">Hrachov\u00e1 6<\/br>\n821 06 Bratislava<\/br>\nSlovensk\u00e1 republika<\/br>\n<\/br>\nI\u010cO: 35 910 828<\/br>\nDI\u010c: 2021915357<\/br>\nI\u010c DPH: SK2021915357<\/p><\/div><\/div>\t\t\t\t<\/div>\n\t\t\t\t<\/div>\n\t\t\t\t<\/div>\n\t\t\t\t\t<\/div>\n\t\t\t\t<\/div>\n\t\t\t\t<\/div>\n\t\t","protected":false},"excerpt":{"rendered":"<p>Kontaktn\u00e1 osoba Zuzana Solmo\u0161iov\u00e1 Project manager +421 903 454 294 zuzana.solmosiova@tajpan.com Organiza\u010dn\u00e9 zabezpe\u010denie TAJPAN s.r.o. Hrachov\u00e1 6 821 06 Bratislava Slovensk\u00e1 republika I\u010cO: 35 910 828 DI\u010c: 2021915357 I\u010c DPH: SK2021915357<\/p>\n","protected":false},"author":1,"featured_media":0,"parent":0,"menu_order":0,"comment_status":"closed","ping_status":"closed","template":"","meta":{"footnotes":""},"class_list":["post-16","page","type-page","status-publish","hentry"],"_links":{"self":[{"href":"https:\/\/majovky.sk\/monoden\/wp-json\/wp\/v2\/pages\/16","targetHints":{"allow":["GET"]}}],"collection":[{"href":"https:\/\/majovky.sk\/monoden\/wp-json\/wp\/v2\/pages"}],"about":[{"href":"https:\/\/majovky.sk\/monoden\/wp-json\/wp\/v2\/types\/page"}],"author":[{"embeddable":true,"href":"https:\/\/majovky.sk\/monoden\/wp-json\/wp\/v2\/users\/1"}],"replies":[{"embeddable":true,"href":"https:\/\/majovky.sk\/monoden\/wp-json\/wp\/v2\/comments?post=16"}],"version-history":[{"count":7,"href":"https:\/\/majovky.sk\/monoden\/wp-json\/wp\/v2\/pages\/16\/revisions"}],"predecessor-version":[{"id":202,"href":"https:\/\/majovky.sk\/monoden\/wp-json\/wp\/v2\/pages\/16\/revisions\/202"}],"wp:attachment":[{"href":"https:\/\/majovky.sk\/monoden\/wp-json\/wp\/v2\/media?parent=16"}],"curies":[{"name":"wp","href":"https:\/\/api.w.org\/{rel}","templated":true}]}}